{"id":1394,"date":"2025-10-21T11:17:44","date_gmt":"2025-10-21T11:17:44","guid":{"rendered":"https:\/\/gameduchieu.webcanhcam.vn\/product\/%ef%b8%8fabyss-dungeon-%ef%b8%8fark-of-arrogance-%ef%b8%8fboth-layer\/"},"modified":"2025-12-28T10:38:57","modified_gmt":"2025-12-28T10:38:57","slug":"%ef%b8%8fabyss-dungeon-%ef%b8%8fark-of-arrogance-%ef%b8%8fboth-layer","status":"publish","type":"product","link":"https:\/\/gameduchieu.webcanhcam.vn\/vi\/product\/%ef%b8%8fabyss-dungeon-%ef%b8%8fark-of-arrogance-%ef%b8%8fboth-layer\/","title":{"rendered":"| \ufe0fAbyss Dungeon | \ufe0fArk of Arrogance | \ufe0fBoth Layer"},"content":{"rendered":"<p>\u2b50 Ch\u00e0o m\u1eebng \u0111\u1ebfn v\u1edbi CNLTeam \u2b50<\/p>\n<p>\u2728T\u1ea1i \u0111\u00e2y, b\u1ea1n c\u00f3 th\u1ec3 t\u00ecm th\u1ea5y c\u00e1c d\u1ecbch v\u1ee5 t\u0103ng c\u1ea5p Lost Ark r\u1ebb nh\u1ea5t.<br \/>\n\u2728Ch\u00fang t\u00f4i s\u1ebd gi\u00fap b\u1ea1n d\u00f9 b\u1ea1n \u0111ang mu\u1ed1n mua d\u1ecbch v\u1ee5 t\u0103ng m\u1ed9t nh\u00e2n v\u1eadt trong Lost Ark, nh\u1eadn d\u1ecbch v\u1ee5 x\u00e2y d\u1ef1ng nh\u00e2n v\u1eadt, \u0111i ph\u00f3 b\u1ea3n, t\u0103ng c\u1ea5p nhanh, hay farm.<br \/>\n\u2728Mua d\u1ecbch v\u1ee5 carry Lost Ark c\u1ee7a b\u1ea1n, \u0111\u1eb7t l\u1ecbch trong chat tr\u1ef1c ti\u1ebfp c\u1ee7a ch\u00fang t\u00f4i, v\u00e0 t\u1eadn h\u01b0\u1edfng d\u1ecbch v\u1ee5 Lost Ark!<br \/>\n\u2728\u0110\u1ed9i ng\u0169 h\u1ed7 tr\u1ee3 tr\u1ef1c tuy\u1ebfn c\u1ee7a ch\u00fang t\u00f4i ho\u1ea1t \u0111\u1ed9ng 24\/7.<\/p>\n<p>\u2b50C\u00e1c D\u1ecbch V\u1ee5 T\u0103ng C\u1ea5p Lost Ark C\u00f3 S\u1eb5n\u2b50<br \/>\n\u2728T\u0103ng C\u1ea5p:<br \/>\n\u2705 T\u0103ng t\u1eeb: 1-20-30-40-50-60 ho\u1eb7c b\u1ea5t k\u1ef3 m\u1ee9c c\u1ea5p t\u00f9y ch\u1ec9nh n\u00e0o<br \/>\n\u2728 Legion Raid<br \/>\n\u2728 Guardian Raid<br \/>\n\u2728 Abyss Raid<br \/>\n\u2728 Abyssal Dungeon<br \/>\n\u2728 Chaos Dungeon<br \/>\n\u2728 Cube Dungeon<br \/>\n\u2728 T\u0103ng K\u1ef9 N\u0103ng Cu\u1ed9c S\u1ed1ng<\/p>\n<p>*\u0110\u1ed1i v\u1edbi b\u1ea5t k\u1ef3 d\u1ecbch v\u1ee5 t\u00f9y ch\u1ec9nh n\u00e0o, h\u00e3y tho\u1ea3i m\u00e1i nh\u1eafn tin cho ch\u00fang t\u00f4i.<br \/>\n*C\u1ea3m \u01a1n b\u1ea1n \u0111\u00e3 ch\u1ecdn ch\u00fang t\u00f4i, hy v\u1ecdng s\u1ebd \u0111\u01b0\u1ee3c h\u1ee3p t\u00e1c c\u00f9ng b\u1ea1n!<\/p>\n","protected":false},"excerpt":{"rendered":"<p>\u2b50 Ch\u00e0o m\u1eebng \u0111\u1ebfn v\u1edbi CNLTeam \u2b50 \u2728T\u1ea1i \u0111\u00e2y, b\u1ea1n c\u00f3 th\u1ec3 t\u00ecm th\u1ea5y c\u00e1c d\u1ecbch v\u1ee5 t\u0103ng c\u1ea5p Lost Ark r\u1ebb nh\u1ea5t. \u2728Ch\u00fang t\u00f4i s\u1ebd gi\u00fap b\u1ea1n d\u00f9 b\u1ea1n \u0111ang mu\u1ed1n mua d\u1ecbch v\u1ee5 t\u0103ng m\u1ed9t nh\u00e2n v\u1eadt trong Lost Ark, nh\u1eadn d\u1ecbch v\u1ee5 x\u00e2y d\u1ef1ng nh\u00e2n v\u1eadt, \u0111i ph\u00f3 b\u1ea3n, t\u0103ng c\u1ea5p nhanh, [&hellip;]<\/p>\n","protected":false},"featured_media":919,"comment_status":"open","ping_status":"closed","template":"","meta":{"_acf_changed":false,"rank_math_lock_modified_date":false},"product_brand":[],"product_cat":[377,370],"product_tag":[],"class_list":{"0":"post-1394","1":"product","2":"type-product","3":"status-publish","4":"has-post-thumbnail","6":"product_cat-boosting-6","7":"product_cat-lost-ark","9":"first","10":"outofstock","11":"shipping-taxable","12":"product-type-simple"},"acf":[],"_links":{"self":[{"href":"https:\/\/gameduchieu.webcanhcam.vn\/vi\/wp-json\/wp\/v2\/product\/1394","targetHints":{"allow":["GET"]}}],"collection":[{"href":"https:\/\/gameduchieu.webcanhcam.vn\/vi\/wp-json\/wp\/v2\/product"}],"about":[{"href":"https:\/\/gameduchieu.webcanhcam.vn\/vi\/wp-json\/wp\/v2\/types\/product"}],"replies":[{"embeddable":true,"href":"https:\/\/gameduchieu.webcanhcam.vn\/vi\/wp-json\/wp\/v2\/comments?post=1394"}],"wp:featuredmedia":[{"embeddable":true,"href":"https:\/\/gameduchieu.webcanhcam.vn\/vi\/wp-json\/wp\/v2\/media\/919"}],"wp:attachment":[{"href":"https:\/\/gameduchieu.webcanhcam.vn\/vi\/wp-json\/wp\/v2\/media?parent=1394"}],"wp:term":[{"taxonomy":"product_brand","embeddable":true,"href":"https:\/\/gameduchieu.webcanhcam.vn\/vi\/wp-json\/wp\/v2\/product_brand?post=1394"},{"taxonomy":"product_cat","embeddable":true,"href":"https:\/\/gameduchieu.webcanhcam.vn\/vi\/wp-json\/wp\/v2\/product_cat?post=1394"},{"taxonomy":"product_tag","embeddable":true,"href":"https:\/\/gameduchieu.webcanhcam.vn\/vi\/wp-json\/wp\/v2\/product_tag?post=1394"}],"curies":[{"name":"wp","href":"https:\/\/api.w.org\/{rel}","templated":true}]}}