{"id":1369,"date":"2025-10-21T10:11:30","date_gmt":"2025-10-21T10:11:30","guid":{"rendered":"https:\/\/gameduchieu.webcanhcam.vn\/product\/lost-ark-gold-us-west\/"},"modified":"2025-12-28T10:16:44","modified_gmt":"2025-12-28T10:16:44","slug":"lost-ark-gold-us-west","status":"publish","type":"product","link":"https:\/\/gameduchieu.webcanhcam.vn\/vi\/product\/lost-ark-gold-us-west\/","title":{"rendered":"Lost Ark -Gold &#8211; US West"},"content":{"rendered":"<p>1K = 1.000 Gold<br \/>\nGOLD C\u00d3 S\u1eb4N TRONG KHO<br \/>\nPh\u01b0\u01a1ng th\u1ee9c giao h\u00e0ng: Nh\u00e0 \u0111\u1ea5u gi\u00e1 (Auction House)<br \/>\nNh\u00e0 \u0111\u1ea5u gi\u00e1 \u0111\u01b0\u1ee3c li\u00ean th\u00f4ng gi\u1eefa c\u00e1c m\u00e1y ch\u1ee7 trong c\u00f9ng khu v\u1ef1c, khi mua vui l\u00f2ng \u0111\u1ea3m b\u1ea3o \u0111\u1eb7t \u0111\u01a1n \u0111\u00fang khu v\u1ef1c (region).<\/p>\n<p>&nbsp;<\/p>\n","protected":false},"excerpt":{"rendered":"<p>1K = 1.000 Gold GOLD C\u00d3 S\u1eb4N TRONG KHO Ph\u01b0\u01a1ng th\u1ee9c giao h\u00e0ng: Nh\u00e0 \u0111\u1ea5u gi\u00e1 (Auction House) Nh\u00e0 \u0111\u1ea5u gi\u00e1 \u0111\u01b0\u1ee3c li\u00ean th\u00f4ng gi\u1eefa c\u00e1c m\u00e1y ch\u1ee7 trong c\u00f9ng khu v\u1ef1c, khi mua vui l\u00f2ng \u0111\u1ea3m b\u1ea3o \u0111\u1eb7t \u0111\u01a1n \u0111\u00fang khu v\u1ef1c (region). &nbsp;<\/p>\n","protected":false},"featured_media":896,"comment_status":"open","ping_status":"closed","template":"","meta":{"_acf_changed":false,"rank_math_lock_modified_date":false},"product_brand":[],"product_cat":[380,370],"product_tag":[],"class_list":{"0":"post-1369","1":"product","2":"type-product","3":"status-publish","4":"has-post-thumbnail","6":"product_cat-tien-te-6","7":"product_cat-lost-ark","9":"first","10":"instock","11":"shipping-taxable","12":"purchasable","13":"product-type-simple"},"acf":[],"_links":{"self":[{"href":"https:\/\/gameduchieu.webcanhcam.vn\/vi\/wp-json\/wp\/v2\/product\/1369","targetHints":{"allow":["GET"]}}],"collection":[{"href":"https:\/\/gameduchieu.webcanhcam.vn\/vi\/wp-json\/wp\/v2\/product"}],"about":[{"href":"https:\/\/gameduchieu.webcanhcam.vn\/vi\/wp-json\/wp\/v2\/types\/product"}],"replies":[{"embeddable":true,"href":"https:\/\/gameduchieu.webcanhcam.vn\/vi\/wp-json\/wp\/v2\/comments?post=1369"}],"wp:featuredmedia":[{"embeddable":true,"href":"https:\/\/gameduchieu.webcanhcam.vn\/vi\/wp-json\/wp\/v2\/media\/896"}],"wp:attachment":[{"href":"https:\/\/gameduchieu.webcanhcam.vn\/vi\/wp-json\/wp\/v2\/media?parent=1369"}],"wp:term":[{"taxonomy":"product_brand","embeddable":true,"href":"https:\/\/gameduchieu.webcanhcam.vn\/vi\/wp-json\/wp\/v2\/product_brand?post=1369"},{"taxonomy":"product_cat","embeddable":true,"href":"https:\/\/gameduchieu.webcanhcam.vn\/vi\/wp-json\/wp\/v2\/product_cat?post=1369"},{"taxonomy":"product_tag","embeddable":true,"href":"https:\/\/gameduchieu.webcanhcam.vn\/vi\/wp-json\/wp\/v2\/product_tag?post=1369"}],"curies":[{"name":"wp","href":"https:\/\/api.w.org\/{rel}","templated":true}]}}