{"id":1347,"date":"2025-10-21T09:37:13","date_gmt":"2025-10-21T09:37:13","guid":{"rendered":"https:\/\/gameduchieu.webcanhcam.vn\/product\/albion-online-7-to-14-chests-the-last-14-days-farm-twitch-drops\/"},"modified":"2025-12-28T09:35:37","modified_gmt":"2025-12-28T09:35:37","slug":"albion-online-7-to-14-chests-the-last-14-days-farm-twitch-drops","status":"publish","type":"product","link":"https:\/\/gameduchieu.webcanhcam.vn\/vi\/product\/albion-online-7-to-14-chests-the-last-14-days-farm-twitch-drops\/","title":{"rendered":"Albion Online | 7 TO 14 CHESTS | The last 14 days Farm | Twitch Drops"},"content":{"rendered":"<p><strong>Sau khi mua, b\u1ea1n s\u1ebd nh\u1eadn \u0111\u01b0\u1ee3c m\u1ed9t t\u00e0i kho\u1ea3n TWITCH.<\/strong><br \/>\n<strong>Li\u00ean k\u1ebft t\u00e0i kho\u1ea3n n\u00e0y v\u1edbi t\u00e0i kho\u1ea3n game c\u1ee7a b\u1ea1n \u0111\u1ec3 nh\u1eadn c\u00e1c v\u1eadt ph\u1ea9m sau:<\/strong><\/p>\n<p>1. x3 Community Chest (Common)<br \/>\n4. x1 Community Chest (Legendary)<br \/>\n5. x1 Exclusive Chest (Epic)<br \/>\n6. x1 Exclusive Chest (Legendary)<br \/>\n7. x1 Exclusive Chest (Rare)<\/p>\n<p><strong>L\u01afU \u00dd:<\/strong> <br \/>\n!!! Vui l\u00f2ng nh\u1eadn v\u1eadt ph\u1ea9m ngay sau khi mua, v\u00ec ch\u00fang c\u00f3 th\u1ec3 h\u1ebft h\u1ea1n.<br \/>\n!!! H\u1ee7y li\u00ean k\u1ebft t\u00e0i kho\u1ea3n Twitch sau khi \u0111\u00e3 nh\u1eadn \u0111\u1ee7 to\u00e0n b\u1ed9 v\u1eadt ph\u1ea9m.<br \/>\n!!! C\u00e1c v\u1eadt ph\u1ea9m b\u1ecb \u1ea9n sau 6 th\u00e1ng v\u1eabn c\u00f3 th\u1ec3 nh\u1eadn \u0111\u01b0\u1ee3c.<\/p>\n<p>Tr\u00f2 ch\u01a1i hi\u1ec7n \u0111\u00e3 \u00e1p d\u1ee5ng gi\u1edbi h\u1ea1n \u0111\u1ed1i v\u1edbi vi\u1ec7c nh\u1eadn r\u01b0\u01a1ng. Ch\u1ec9 nh\u1eefng r\u01b0\u01a1ng \u0111\u01b0\u1ee3c t\u00edch tr\u1eef trong v\u00f2ng 14 ng\u00e0y g\u1ea7n nh\u1ea5t m\u1edbi c\u00f3 th\u1ec3 nh\u1eadn. Do \u0111\u00f3, ch\u00fang t\u00f4i kh\u00f4ng th\u1ec3 \u0111\u1ea3m b\u1ea3o ch\u00ednh x\u00e1c s\u1ed1 l\u01b0\u1ee3ng r\u01b0\u01a1ng nh\u01b0 m\u00f4 t\u1ea3, v\u00ec s\u1ed1 l\u01b0\u1ee3ng n\u00e0y \u0111\u01b0\u1ee3c c\u1eadp nh\u1eadt h\u00e0ng tu\u1ea7n. Ch\u00fang t\u00f4i v\u1eabn ti\u1ebfp t\u1ee5c farm r\u01b0\u01a1ng, tuy nhi\u00ean m\u1ed7i tu\u1ea7n s\u1ed1 l\u01b0\u1ee3ng r\u01b0\u01a1ng c\u00f3 th\u1ec3 t\u0103ng (do s\u1ef1 ki\u1ec7n nh\u00e2n \u0111\u00f4i 14 r\u01b0\u01a1ng) ho\u1eb7c gi\u1ea3m (do h\u1ebft th\u1eddi h\u1ea1n k\u00edch ho\u1ea1t). V\u1edbi giao d\u1ecbch n\u00e0y, b\u1ea1n \u0111\u01b0\u1ee3c \u0111\u1ea3m b\u1ea3o nh\u1eadn s\u1ed1 l\u01b0\u1ee3ng r\u01b0\u01a1ng \u0111\u00fang nh\u01b0 m\u00f4 t\u1ea3 trong ti\u00eau \u0111\u1ec1 (T\u1eeb \u2013 \u0110\u1ebfn). Vui l\u00f2ng c\u00e2n nh\u1eafc k\u1ef9 \u0111i\u1ec1u n\u00e0y tr\u01b0\u1edbc khi mua.<\/p>\n<p>T\u1eeb m\u1ed7i r\u01b0\u01a1ng, b\u1ea1n s\u1ebd nh\u1eadn \u0111\u01b0\u1ee3c 5 Community Tokens ho\u1eb7c m\u1ed9t v\u1eadt ph\u1ea9m ng\u1eabu nhi\u00ean c\u00f3 th\u1ec3 t\u00e1i ch\u1ebf.<\/p>\n","protected":false},"excerpt":{"rendered":"<p>Sau khi mua, b\u1ea1n s\u1ebd nh\u1eadn \u0111\u01b0\u1ee3c m\u1ed9t t\u00e0i kho\u1ea3n TWITCH. Li\u00ean k\u1ebft t\u00e0i kho\u1ea3n n\u00e0y v\u1edbi t\u00e0i kho\u1ea3n game c\u1ee7a b\u1ea1n \u0111\u1ec3 nh\u1eadn c\u00e1c v\u1eadt ph\u1ea9m sau: 1. x3 Community Chest (Common) 4. x1 Community Chest (Legendary) 5. x1 Exclusive Chest (Epic) 6. x1 Exclusive Chest (Legendary) 7. x1 Exclusive Chest (Rare) L\u01afU \u00dd: [&hellip;]<\/p>\n","protected":false},"featured_media":882,"comment_status":"open","ping_status":"closed","template":"","meta":{"_acf_changed":false,"rank_math_lock_modified_date":false},"product_brand":[],"product_cat":[282,275,281],"product_tag":[],"class_list":{"0":"post-1347","1":"product","2":"type-product","3":"status-publish","4":"has-post-thumbnail","6":"product_cat-server-7","7":"product_cat-albion-online","8":"product_cat-vat-pham-5","10":"first","11":"instock","12":"shipping-taxable","13":"purchasable","14":"product-type-simple"},"acf":[],"_links":{"self":[{"href":"https:\/\/gameduchieu.webcanhcam.vn\/vi\/wp-json\/wp\/v2\/product\/1347","targetHints":{"allow":["GET"]}}],"collection":[{"href":"https:\/\/gameduchieu.webcanhcam.vn\/vi\/wp-json\/wp\/v2\/product"}],"about":[{"href":"https:\/\/gameduchieu.webcanhcam.vn\/vi\/wp-json\/wp\/v2\/types\/product"}],"replies":[{"embeddable":true,"href":"https:\/\/gameduchieu.webcanhcam.vn\/vi\/wp-json\/wp\/v2\/comments?post=1347"}],"wp:featuredmedia":[{"embeddable":true,"href":"https:\/\/gameduchieu.webcanhcam.vn\/vi\/wp-json\/wp\/v2\/media\/882"}],"wp:attachment":[{"href":"https:\/\/gameduchieu.webcanhcam.vn\/vi\/wp-json\/wp\/v2\/media?parent=1347"}],"wp:term":[{"taxonomy":"product_brand","embeddable":true,"href":"https:\/\/gameduchieu.webcanhcam.vn\/vi\/wp-json\/wp\/v2\/product_brand?post=1347"},{"taxonomy":"product_cat","embeddable":true,"href":"https:\/\/gameduchieu.webcanhcam.vn\/vi\/wp-json\/wp\/v2\/product_cat?post=1347"},{"taxonomy":"product_tag","embeddable":true,"href":"https:\/\/gameduchieu.webcanhcam.vn\/vi\/wp-json\/wp\/v2\/product_tag?post=1347"}],"curies":[{"name":"wp","href":"https:\/\/api.w.org\/{rel}","templated":true}]}}