{"id":1302,"date":"2025-10-21T09:22:51","date_gmt":"2025-10-21T09:22:51","guid":{"rendered":"https:\/\/gameduchieu.webcanhcam.vn\/product\/albion-online-silver-americas\/"},"modified":"2025-12-28T08:56:08","modified_gmt":"2025-12-28T08:56:08","slug":"albion-online-silver-americas","status":"publish","type":"product","link":"https:\/\/gameduchieu.webcanhcam.vn\/vi\/product\/albion-online-silver-americas\/","title":{"rendered":"Albion Online Silver (Americas)"},"content":{"rendered":"<p><strong>Ph\u01b0\u01a1ng th\u1ee9c giao h\u00e0ng:<\/strong> Giao d\u1ecbch tr\u1ef1c ti\u1ebfp trong game (face to face) ho\u1eb7c r\u00fat \/ n\u1ea1p qua \u0111\u1ea3o ri\u00eang (Private Island)<\/p>\n<p><strong>Th\u1eddi gian giao h\u00e0ng:<\/strong> Trong v\u00f2ng 20 ph\u00fat.<\/p>\n<p><strong>Khuy\u1ebfn ngh\u1ecb:<\/strong><\/p>\n<p>&#8211; Giao d\u1ecbch tr\u1ef1c ti\u1ebfp: vui l\u00f2ng \u0111\u1eb7t m\u1ed9t s\u1ed1 v\u1eadt ph\u1ea9m ng\u1eabu nhi\u00ean khi trade \u0111\u1ec3 \u0111\u1ea3m b\u1ea3o an to\u00e0n.<\/p>\n<p>&#8211; T\u1ea1o t\u00e0i kho\u1ea3n ph\u1ee5 (alt account) v\u00e0 thi\u1ebft l\u1eadp Private Island cho t\u00e0i kho\u1ea3n n\u00e0y.<\/p>\n<p>&#8211; Sau khi mua Silver, s\u1eed d\u1ee5ng t\u00e0i kho\u1ea3n ch\u00ednh \u0111\u1ec3 r\u00fat Silver t\u1eeb Private Island c\u1ee7a t\u00e0i kho\u1ea3n ph\u1ee5.<\/p>\n","protected":false},"excerpt":{"rendered":"<p>Ph\u01b0\u01a1ng th\u1ee9c giao h\u00e0ng: Giao d\u1ecbch tr\u1ef1c ti\u1ebfp trong game (face to face) ho\u1eb7c r\u00fat \/ n\u1ea1p qua \u0111\u1ea3o ri\u00eang (Private Island) Th\u1eddi gian giao h\u00e0ng: Trong v\u00f2ng 20 ph\u00fat. Khuy\u1ebfn ngh\u1ecb: &#8211; Giao d\u1ecbch tr\u1ef1c ti\u1ebfp: vui l\u00f2ng \u0111\u1eb7t m\u1ed9t s\u1ed1 v\u1eadt ph\u1ea9m ng\u1eabu nhi\u00ean khi trade \u0111\u1ec3 \u0111\u1ea3m b\u1ea3o an to\u00e0n. &#8211; T\u1ea1o [&hellip;]<\/p>\n","protected":false},"featured_media":873,"comment_status":"open","ping_status":"closed","template":"","meta":{"_acf_changed":false,"rank_math_lock_modified_date":false},"product_brand":[],"product_cat":[279,275],"product_tag":[],"class_list":{"0":"post-1302","1":"product","2":"type-product","3":"status-publish","4":"has-post-thumbnail","6":"product_cat-tien-te-5","7":"product_cat-albion-online","9":"first","10":"outofstock","11":"shipping-taxable","12":"product-type-simple"},"acf":[],"_links":{"self":[{"href":"https:\/\/gameduchieu.webcanhcam.vn\/vi\/wp-json\/wp\/v2\/product\/1302","targetHints":{"allow":["GET"]}}],"collection":[{"href":"https:\/\/gameduchieu.webcanhcam.vn\/vi\/wp-json\/wp\/v2\/product"}],"about":[{"href":"https:\/\/gameduchieu.webcanhcam.vn\/vi\/wp-json\/wp\/v2\/types\/product"}],"replies":[{"embeddable":true,"href":"https:\/\/gameduchieu.webcanhcam.vn\/vi\/wp-json\/wp\/v2\/comments?post=1302"}],"wp:featuredmedia":[{"embeddable":true,"href":"https:\/\/gameduchieu.webcanhcam.vn\/vi\/wp-json\/wp\/v2\/media\/873"}],"wp:attachment":[{"href":"https:\/\/gameduchieu.webcanhcam.vn\/vi\/wp-json\/wp\/v2\/media?parent=1302"}],"wp:term":[{"taxonomy":"product_brand","embeddable":true,"href":"https:\/\/gameduchieu.webcanhcam.vn\/vi\/wp-json\/wp\/v2\/product_brand?post=1302"},{"taxonomy":"product_cat","embeddable":true,"href":"https:\/\/gameduchieu.webcanhcam.vn\/vi\/wp-json\/wp\/v2\/product_cat?post=1302"},{"taxonomy":"product_tag","embeddable":true,"href":"https:\/\/gameduchieu.webcanhcam.vn\/vi\/wp-json\/wp\/v2\/product_tag?post=1302"}],"curies":[{"name":"wp","href":"https:\/\/api.w.org\/{rel}","templated":true}]}}