{"id":1295,"date":"2025-10-21T07:55:57","date_gmt":"2025-10-21T07:55:57","guid":{"rendered":"https:\/\/gameduchieu.webcanhcam.vn\/product\/last-epoch-beneath-ancient-skies-standard-gold\/"},"modified":"2025-12-28T08:52:16","modified_gmt":"2025-12-28T08:52:16","slug":"last-epoch-beneath-ancient-skies-standard-gold","status":"publish","type":"product","link":"https:\/\/gameduchieu.webcanhcam.vn\/vi\/product\/last-epoch-beneath-ancient-skies-standard-gold\/","title":{"rendered":"Last Epoch &#8211; Beneath Ancient Skies &#8211; Standard &#8211; Gold"},"content":{"rendered":"<p>*L\u01afU \u00dd: 1M = 1.000.000 GOLD<br \/>\nTh\u1eddi gian giao h\u00e0ng: Trong v\u00f2ng 20 ph\u00fat<br \/>\nPh\u01b0\u01a1ng th\u1ee9c giao h\u00e0ng: Ch\u1ee3 \u0111\u1ea5u gi\u00e1 (Auction Market)<br \/>\nL\u01b0u \u00fd: Vui l\u00f2ng chu\u1ea9n b\u1ecb v\u1eadt ph\u1ea9m m\u00e0u v\u00e0ng ho\u1eb7c xanh \u0111\u1ec3 \u0111\u0103ng b\u00e1n<br \/>\n* THU\u1ebe KH\u00d4NG BAO G\u1ed2M<\/p>\n","protected":false},"excerpt":{"rendered":"<p>*L\u01afU \u00dd: 1M = 1.000.000 GOLD Th\u1eddi gian giao h\u00e0ng: Trong v\u00f2ng 20 ph\u00fat Ph\u01b0\u01a1ng th\u1ee9c giao h\u00e0ng: Ch\u1ee3 \u0111\u1ea5u gi\u00e1 (Auction Market) L\u01b0u \u00fd: Vui l\u00f2ng chu\u1ea9n b\u1ecb v\u1eadt ph\u1ea9m m\u00e0u v\u00e0ng ho\u1eb7c xanh \u0111\u1ec3 \u0111\u0103ng b\u00e1n * THU\u1ebe KH\u00d4NG BAO G\u1ed2M<\/p>\n","protected":false},"featured_media":829,"comment_status":"open","ping_status":"closed","template":"","meta":{"_acf_changed":false,"rank_math_lock_modified_date":false},"product_brand":[],"product_cat":[365,333],"product_tag":[],"class_list":{"0":"post-1295","1":"product","2":"type-product","3":"status-publish","4":"has-post-thumbnail","6":"product_cat-tien-te-4","7":"product_cat-last-epoch","9":"first","10":"instock","11":"shipping-taxable","12":"purchasable","13":"product-type-simple"},"acf":[],"_links":{"self":[{"href":"https:\/\/gameduchieu.webcanhcam.vn\/vi\/wp-json\/wp\/v2\/product\/1295","targetHints":{"allow":["GET"]}}],"collection":[{"href":"https:\/\/gameduchieu.webcanhcam.vn\/vi\/wp-json\/wp\/v2\/product"}],"about":[{"href":"https:\/\/gameduchieu.webcanhcam.vn\/vi\/wp-json\/wp\/v2\/types\/product"}],"replies":[{"embeddable":true,"href":"https:\/\/gameduchieu.webcanhcam.vn\/vi\/wp-json\/wp\/v2\/comments?post=1295"}],"wp:featuredmedia":[{"embeddable":true,"href":"https:\/\/gameduchieu.webcanhcam.vn\/vi\/wp-json\/wp\/v2\/media\/829"}],"wp:attachment":[{"href":"https:\/\/gameduchieu.webcanhcam.vn\/vi\/wp-json\/wp\/v2\/media?parent=1295"}],"wp:term":[{"taxonomy":"product_brand","embeddable":true,"href":"https:\/\/gameduchieu.webcanhcam.vn\/vi\/wp-json\/wp\/v2\/product_brand?post=1295"},{"taxonomy":"product_cat","embeddable":true,"href":"https:\/\/gameduchieu.webcanhcam.vn\/vi\/wp-json\/wp\/v2\/product_cat?post=1295"},{"taxonomy":"product_tag","embeddable":true,"href":"https:\/\/gameduchieu.webcanhcam.vn\/vi\/wp-json\/wp\/v2\/product_tag?post=1295"}],"curies":[{"name":"wp","href":"https:\/\/api.w.org\/{rel}","templated":true}]}}