{"id":1281,"date":"2025-10-15T14:57:18","date_gmt":"2025-10-15T14:57:18","guid":{"rendered":"https:\/\/gameduchieu.webcanhcam.vn\/product\/season-10-infernal-chaos-10x-duriel-boss-torment-4-mat-provided\/"},"modified":"2025-12-28T08:30:15","modified_gmt":"2025-12-28T08:30:15","slug":"season-10-infernal-chaos-10x-duriel-boss-torment-4-mat-provided","status":"publish","type":"product","link":"https:\/\/gameduchieu.webcanhcam.vn\/vi\/product\/season-10-infernal-chaos-10x-duriel-boss-torment-4-mat-provided\/","title":{"rendered":"Season 10 : Infernal Chaos | 10x Duriel Boss | Torment 4 | Mat Provided"},"content":{"rendered":"<p>Ch\u00e0o m\u1eebng \u0111\u1ebfn v\u1edbi Inferal Chaos<br \/>\nC\u00f9ng nhau, ch\u00fang ta s\u00e1t c\u00e1nh ch\u1ed1ng l\u1ea1i \u0110\u1ecba Ng\u1ee5c<br \/>\nCh\u00fang t\u00f4i cung c\u1ea5p d\u1ecbch v\u1ee5 boosting chuy\u00ean nghi\u1ec7p, nhanh ch\u00f3ng v\u00e0 an to\u00e0n.<br \/>\nH\u00e3y \u0111\u1ec3 ch\u00fang t\u00f4i lo ph\u1ea7n c\u00e0y cu\u1ed1c, c\u00f2n b\u1ea1n ch\u1ec9 vi\u1ec7c t\u1eadn h\u01b0\u1edfng ph\u1ea7n th\u01b0\u1edfng.<br \/>\nPh\u01b0\u01a1ng th\u1ee9c ho\u1ea1t \u0111\u1ed9ng: selfplay v\u00e0 pilot<br \/>\nSelfplay: b\u1ea1n s\u1ebd ch\u01a1i c\u00f9ng booster c\u1ee7a ch\u00fang t\u00f4i<br \/>\nPilot: b\u1ea1n c\u1ea7n cung c\u1ea5p th\u00f4ng tin \u0111\u0103ng nh\u1eadp, t\u00ean nh\u00e2n v\u1eadt trong game v\u00e0 class<br \/>\nNgo\u00e0i ra, ch\u00fang t\u00f4i c\u00f2n c\u00f3 d\u1ecbch v\u1ee5 build nh\u00e2n v\u1eadt: x\u00e2y d\u1ef1ng build theo y\u00eau c\u1ea7u, b\u1ea5t k\u1ef3 build n\u00e0o b\u1ea1n mong mu\u1ed1n<br \/>\n\u0110\u1ed9i ng\u0169 h\u1ed7 tr\u1ee3 online c\u1ee7a ch\u00fang t\u00f4i lu\u00f4n s\u1eb5n s\u00e0ng 24\/7.<br \/>\n*\u0110\u1ed1i v\u1edbi c\u00e1c d\u1ecbch v\u1ee5 t\u00f9y ch\u1ec9nh, vui l\u00f2ng nh\u1eafn tin tr\u1ef1c ti\u1ebfp (DM) cho ch\u00fang t\u00f4i.<br \/>\n*C\u1ea3m \u01a1n b\u1ea1n \u0111\u00e3 l\u1ef1a ch\u1ecdn d\u1ecbch v\u1ee5, r\u1ea5t mong \u0111\u01b0\u1ee3c h\u1ee3p t\u00e1c c\u00f9ng b\u1ea1n!<\/p>\n","protected":false},"excerpt":{"rendered":"<p>Ch\u00e0o m\u1eebng \u0111\u1ebfn v\u1edbi Inferal Chaos C\u00f9ng nhau, ch\u00fang ta s\u00e1t c\u00e1nh ch\u1ed1ng l\u1ea1i \u0110\u1ecba Ng\u1ee5c Ch\u00fang t\u00f4i cung c\u1ea5p d\u1ecbch v\u1ee5 boosting chuy\u00ean nghi\u1ec7p, nhanh ch\u00f3ng v\u00e0 an to\u00e0n. H\u00e3y \u0111\u1ec3 ch\u00fang t\u00f4i lo ph\u1ea7n c\u00e0y cu\u1ed1c, c\u00f2n b\u1ea1n ch\u1ec9 vi\u1ec7c t\u1eadn h\u01b0\u1edfng ph\u1ea7n th\u01b0\u1edfng. Ph\u01b0\u01a1ng th\u1ee9c ho\u1ea1t \u0111\u1ed9ng: selfplay v\u00e0 pilot Selfplay: b\u1ea1n [&hellip;]<\/p>\n","protected":false},"featured_media":762,"comment_status":"open","ping_status":"closed","template":"","meta":{"_acf_changed":false,"rank_math_lock_modified_date":false},"product_brand":[],"product_cat":[307,310,311,321,309],"product_tag":[271,357,358,359],"class_list":{"0":"post-1281","1":"product","2":"type-product","3":"status-publish","4":"has-post-thumbnail","6":"product_cat-diablo-4","7":"product_cat-boosting-type-3","8":"product_cat-boss-kill-3","9":"product_cat-seasonal-realm-softcore","10":"product_cat-boosting-3","11":"product_tag-leveling","12":"product_tag-altars-of-liliths-collector","13":"product_tag-paragon-point","14":"product_tag-renown","16":"first","17":"instock","18":"shipping-taxable","19":"purchasable","20":"product-type-simple"},"acf":[],"_links":{"self":[{"href":"https:\/\/gameduchieu.webcanhcam.vn\/vi\/wp-json\/wp\/v2\/product\/1281","targetHints":{"allow":["GET"]}}],"collection":[{"href":"https:\/\/gameduchieu.webcanhcam.vn\/vi\/wp-json\/wp\/v2\/product"}],"about":[{"href":"https:\/\/gameduchieu.webcanhcam.vn\/vi\/wp-json\/wp\/v2\/types\/product"}],"replies":[{"embeddable":true,"href":"https:\/\/gameduchieu.webcanhcam.vn\/vi\/wp-json\/wp\/v2\/comments?post=1281"}],"wp:featuredmedia":[{"embeddable":true,"href":"https:\/\/gameduchieu.webcanhcam.vn\/vi\/wp-json\/wp\/v2\/media\/762"}],"wp:attachment":[{"href":"https:\/\/gameduchieu.webcanhcam.vn\/vi\/wp-json\/wp\/v2\/media?parent=1281"}],"wp:term":[{"taxonomy":"product_brand","embeddable":true,"href":"https:\/\/gameduchieu.webcanhcam.vn\/vi\/wp-json\/wp\/v2\/product_brand?post=1281"},{"taxonomy":"product_cat","embeddable":true,"href":"https:\/\/gameduchieu.webcanhcam.vn\/vi\/wp-json\/wp\/v2\/product_cat?post=1281"},{"taxonomy":"product_tag","embeddable":true,"href":"https:\/\/gameduchieu.webcanhcam.vn\/vi\/wp-json\/wp\/v2\/product_tag?post=1281"}],"curies":[{"name":"wp","href":"https:\/\/api.w.org\/{rel}","templated":true}]}}