{"id":1272,"date":"2025-10-14T11:16:01","date_gmt":"2025-10-14T11:16:01","guid":{"rendered":"https:\/\/gameduchieu.webcanhcam.vn\/product\/battlenet-diablo-iv-vessel-of-hatred-ultimate-edition-dlc-gift-game\/"},"modified":"2025-12-28T08:22:07","modified_gmt":"2025-12-28T08:22:07","slug":"battlenet-diablo-iv-vessel-of-hatred-ultimate-edition-dlc-gift-game","status":"publish","type":"product","link":"https:\/\/gameduchieu.webcanhcam.vn\/vi\/product\/battlenet-diablo-iv-vessel-of-hatred-ultimate-edition-dlc-gift-game\/","title":{"rendered":"[BattleNet] Diablo IV: Vessel of Hatred &#8211; Ultimate Edition DLC | Gift Game |"},"content":{"rendered":"<p>&#8211; Tr\u00f2 ch\u01a1i s\u1ebd \u0111\u01b0\u1ee3c t\u1eb7ng (Gift) tr\u1ef1c ti\u1ebfp v\u00e0o t\u00e0i kho\u1ea3n Battle.net c\u1ee7a b\u1ea1n.<\/p>\n<p>&#8211; N\u1ebfu b\u1ea1n c\u00f3 b\u1ea5t k\u1ef3 c\u00e2u h\u1ecfi n\u00e0o, vui l\u00f2ng nh\u1eafn tin cho t\u00f4i, ch\u00fang t\u00f4i lu\u00f4n online 24\/7.<\/p>\n","protected":false},"excerpt":{"rendered":"<p>&#8211; Tr\u00f2 ch\u01a1i s\u1ebd \u0111\u01b0\u1ee3c t\u1eb7ng (Gift) tr\u1ef1c ti\u1ebfp v\u00e0o t\u00e0i kho\u1ea3n Battle.net c\u1ee7a b\u1ea1n. &#8211; N\u1ebfu b\u1ea1n c\u00f3 b\u1ea5t k\u1ef3 c\u00e2u h\u1ecfi n\u00e0o, vui l\u00f2ng nh\u1eafn tin cho t\u00f4i, ch\u00fang t\u00f4i lu\u00f4n online 24\/7.<\/p>\n","protected":false},"featured_media":732,"comment_status":"open","ping_status":"closed","template":"","meta":{"_acf_changed":false,"rank_math_lock_modified_date":false},"product_brand":[],"product_cat":[307,308],"product_tag":[],"class_list":{"0":"post-1272","1":"product","2":"type-product","3":"status-publish","4":"has-post-thumbnail","6":"product_cat-diablo-4","7":"product_cat-tai-khoan-3","9":"first","10":"instock","11":"shipping-taxable","12":"purchasable","13":"product-type-simple"},"acf":[],"_links":{"self":[{"href":"https:\/\/gameduchieu.webcanhcam.vn\/vi\/wp-json\/wp\/v2\/product\/1272","targetHints":{"allow":["GET"]}}],"collection":[{"href":"https:\/\/gameduchieu.webcanhcam.vn\/vi\/wp-json\/wp\/v2\/product"}],"about":[{"href":"https:\/\/gameduchieu.webcanhcam.vn\/vi\/wp-json\/wp\/v2\/types\/product"}],"replies":[{"embeddable":true,"href":"https:\/\/gameduchieu.webcanhcam.vn\/vi\/wp-json\/wp\/v2\/comments?post=1272"}],"wp:featuredmedia":[{"embeddable":true,"href":"https:\/\/gameduchieu.webcanhcam.vn\/vi\/wp-json\/wp\/v2\/media\/732"}],"wp:attachment":[{"href":"https:\/\/gameduchieu.webcanhcam.vn\/vi\/wp-json\/wp\/v2\/media?parent=1272"}],"wp:term":[{"taxonomy":"product_brand","embeddable":true,"href":"https:\/\/gameduchieu.webcanhcam.vn\/vi\/wp-json\/wp\/v2\/product_brand?post=1272"},{"taxonomy":"product_cat","embeddable":true,"href":"https:\/\/gameduchieu.webcanhcam.vn\/vi\/wp-json\/wp\/v2\/product_cat?post=1272"},{"taxonomy":"product_tag","embeddable":true,"href":"https:\/\/gameduchieu.webcanhcam.vn\/vi\/wp-json\/wp\/v2\/product_tag?post=1272"}],"curies":[{"name":"wp","href":"https:\/\/api.w.org\/{rel}","templated":true}]}}