{"id":1269,"date":"2025-10-14T11:29:29","date_gmt":"2025-10-14T11:29:29","guid":{"rendered":"https:\/\/gameduchieu.webcanhcam.vn\/product\/diablo-4-standard-edition-%e2%9c%85-steam-account-%e2%9c%85-fresh-0-hours-playtime-%e2%9c%85-full-access\/"},"modified":"2025-12-28T08:20:36","modified_gmt":"2025-12-28T08:20:36","slug":"diablo-4-standard-edition-%e2%9c%85-steam-account-%e2%9c%85-fresh-0-hours-playtime-%e2%9c%85-full-access","status":"publish","type":"product","link":"https:\/\/gameduchieu.webcanhcam.vn\/vi\/product\/diablo-4-standard-edition-%e2%9c%85-steam-account-%e2%9c%85-fresh-0-hours-playtime-%e2%9c%85-full-access\/","title":{"rendered":"[BattleNet] Diablo IV: Standard Edition (Base Game) | Gift Game |"},"content":{"rendered":"<p>Sau khi mua, b\u1ea1n s\u1ebd nh\u1eadn \u0111\u01b0\u1ee3c m\u1ed9t t\u00e0i kho\u1ea3n Steam \u0111\u00e3 c\u00f3 s\u1eb5n tr\u00f2 ch\u01a1i.<\/p>\n<p>Steam ID + M\u1eadt kh\u1ea9u<br \/>\nEmail + M\u1eadt kh\u1ea9u<\/p>\n<p>C\u1ea3nh b\u00e1o<\/p>\n<p>Steam Region:<br \/>\nKh\u00f4ng th\u00eam ti\u1ec1n ho\u1eb7c ph\u01b0\u01a1ng th\u1ee9c thanh to\u00e1n cho \u0111\u1ebfn khi v\u00f9ng c\u1eeda h\u00e0ng Steam c\u1ee7a b\u1ea1n \u0111\u01b0\u1ee3c thay \u0111\u1ed5i (sau 4 tu\u1ea7n). H\u1ec7 th\u1ed1ng c\u1ee7a Valve s\u1ebd theo d\u00f5i v\u00e0 c\u00f3 th\u1ec3 kh\u00f3a t\u00e0i kho\u1ea3n n\u1ebfu b\u1ea1n n\u1ea1p ti\u1ec1n tr\u01b0\u1edbc khi v\u00f9ng c\u1eeda h\u00e0ng \u0111\u01b0\u1ee3c c\u1eadp nh\u1eadt.<br \/>\nTrong tr\u01b0\u1eddng h\u1ee3p b\u1ecb kh\u00f3a v\u00ec l\u00fd do n\u00e0y, ch\u00fang t\u00f4i s\u1ebd kh\u00f4ng thay th\u1ebf ho\u1eb7c ho\u00e0n ti\u1ec1n t\u00e0i kho\u1ea3n.<\/p>\n","protected":false},"excerpt":{"rendered":"<p>Sau khi mua, b\u1ea1n s\u1ebd nh\u1eadn \u0111\u01b0\u1ee3c m\u1ed9t t\u00e0i kho\u1ea3n Steam \u0111\u00e3 c\u00f3 s\u1eb5n tr\u00f2 ch\u01a1i. Steam ID + M\u1eadt kh\u1ea9u Email + M\u1eadt kh\u1ea9u C\u1ea3nh b\u00e1o Steam Region: Kh\u00f4ng th\u00eam ti\u1ec1n ho\u1eb7c ph\u01b0\u01a1ng th\u1ee9c thanh to\u00e1n cho \u0111\u1ebfn khi v\u00f9ng c\u1eeda h\u00e0ng Steam c\u1ee7a b\u1ea1n \u0111\u01b0\u1ee3c thay \u0111\u1ed5i (sau 4 tu\u1ea7n). H\u1ec7 th\u1ed1ng c\u1ee7a [&hellip;]<\/p>\n","protected":false},"featured_media":735,"comment_status":"open","ping_status":"closed","template":"","meta":{"_acf_changed":false,"rank_math_lock_modified_date":false},"product_brand":[],"product_cat":[307,308],"product_tag":[],"class_list":{"0":"post-1269","1":"product","2":"type-product","3":"status-publish","4":"has-post-thumbnail","6":"product_cat-diablo-4","7":"product_cat-tai-khoan-3","9":"first","10":"instock","11":"shipping-taxable","12":"purchasable","13":"product-type-simple"},"acf":[],"_links":{"self":[{"href":"https:\/\/gameduchieu.webcanhcam.vn\/vi\/wp-json\/wp\/v2\/product\/1269","targetHints":{"allow":["GET"]}}],"collection":[{"href":"https:\/\/gameduchieu.webcanhcam.vn\/vi\/wp-json\/wp\/v2\/product"}],"about":[{"href":"https:\/\/gameduchieu.webcanhcam.vn\/vi\/wp-json\/wp\/v2\/types\/product"}],"replies":[{"embeddable":true,"href":"https:\/\/gameduchieu.webcanhcam.vn\/vi\/wp-json\/wp\/v2\/comments?post=1269"}],"wp:featuredmedia":[{"embeddable":true,"href":"https:\/\/gameduchieu.webcanhcam.vn\/vi\/wp-json\/wp\/v2\/media\/735"}],"wp:attachment":[{"href":"https:\/\/gameduchieu.webcanhcam.vn\/vi\/wp-json\/wp\/v2\/media?parent=1269"}],"wp:term":[{"taxonomy":"product_brand","embeddable":true,"href":"https:\/\/gameduchieu.webcanhcam.vn\/vi\/wp-json\/wp\/v2\/product_brand?post=1269"},{"taxonomy":"product_cat","embeddable":true,"href":"https:\/\/gameduchieu.webcanhcam.vn\/vi\/wp-json\/wp\/v2\/product_cat?post=1269"},{"taxonomy":"product_tag","embeddable":true,"href":"https:\/\/gameduchieu.webcanhcam.vn\/vi\/wp-json\/wp\/v2\/product_tag?post=1269"}],"curies":[{"name":"wp","href":"https:\/\/api.w.org\/{rel}","templated":true}]}}