{"id":1256,"date":"2025-10-14T11:03:12","date_gmt":"2025-10-14T11:03:12","guid":{"rendered":"https:\/\/gameduchieu.webcanhcam.vn\/product\/season-6-season-of-hatred-rising-softcore-rod-of-kepeleke-800ip\/"},"modified":"2025-12-28T08:11:42","modified_gmt":"2025-12-28T08:11:42","slug":"season-6-season-of-hatred-rising-softcore-rod-of-kepeleke-800ip","status":"publish","type":"product","link":"https:\/\/gameduchieu.webcanhcam.vn\/vi\/product\/season-6-season-of-hatred-rising-softcore-rod-of-kepeleke-800ip\/","title":{"rendered":"Season 6: Season of Hatred Rising \u2013 Softcore &#8211; Rod of Kepeleke 800IP"},"content":{"rendered":"<p>Th\u1eddi gian giao h\u00e0ng: Trong v\u00f2ng 20 ph\u00fat<br \/>\nPh\u01b0\u01a1ng th\u1ee9c giao h\u00e0ng: Giao d\u1ecbch tr\u1ef1c ti\u1ebfp trong game<br \/>\nL\u01b0u \u00fd: \u0110\u1ec3 \u0111\u1ea3m b\u1ea3o an to\u00e0n, vui l\u00f2ng \u0111\u1eb7t m\u1ed9t v\u1eadt ph\u1ea9m (b\u1ea5t k\u1ef3 v\u1eadt ph\u1ea9m n\u00e0o) v\u00e0o ph\u00eda b\u1ea1n khi giao d\u1ecbch.<\/p>\n","protected":false},"excerpt":{"rendered":"<p>Th\u1eddi gian giao h\u00e0ng: Trong v\u00f2ng 20 ph\u00fat Ph\u01b0\u01a1ng th\u1ee9c giao h\u00e0ng: Giao d\u1ecbch tr\u1ef1c ti\u1ebfp trong game L\u01b0u \u00fd: \u0110\u1ec3 \u0111\u1ea3m b\u1ea3o an to\u00e0n, vui l\u00f2ng \u0111\u1eb7t m\u1ed9t v\u1eadt ph\u1ea9m (b\u1ea5t k\u1ef3 v\u1eadt ph\u1ea9m n\u00e0o) v\u00e0o ph\u00eda b\u1ea1n khi giao d\u1ecbch.<\/p>\n","protected":false},"featured_media":726,"comment_status":"open","ping_status":"closed","template":"","meta":{"_acf_changed":false,"rank_math_lock_modified_date":false},"product_brand":[],"product_cat":[307,324],"product_tag":[],"class_list":{"0":"post-1256","1":"product","2":"type-product","3":"status-publish","4":"has-post-thumbnail","6":"product_cat-diablo-4","7":"product_cat-vat-pham-3","9":"first","10":"instock","11":"shipping-taxable","12":"purchasable","13":"product-type-simple"},"acf":[],"_links":{"self":[{"href":"https:\/\/gameduchieu.webcanhcam.vn\/vi\/wp-json\/wp\/v2\/product\/1256","targetHints":{"allow":["GET"]}}],"collection":[{"href":"https:\/\/gameduchieu.webcanhcam.vn\/vi\/wp-json\/wp\/v2\/product"}],"about":[{"href":"https:\/\/gameduchieu.webcanhcam.vn\/vi\/wp-json\/wp\/v2\/types\/product"}],"replies":[{"embeddable":true,"href":"https:\/\/gameduchieu.webcanhcam.vn\/vi\/wp-json\/wp\/v2\/comments?post=1256"}],"wp:featuredmedia":[{"embeddable":true,"href":"https:\/\/gameduchieu.webcanhcam.vn\/vi\/wp-json\/wp\/v2\/media\/726"}],"wp:attachment":[{"href":"https:\/\/gameduchieu.webcanhcam.vn\/vi\/wp-json\/wp\/v2\/media?parent=1256"}],"wp:term":[{"taxonomy":"product_brand","embeddable":true,"href":"https:\/\/gameduchieu.webcanhcam.vn\/vi\/wp-json\/wp\/v2\/product_brand?post=1256"},{"taxonomy":"product_cat","embeddable":true,"href":"https:\/\/gameduchieu.webcanhcam.vn\/vi\/wp-json\/wp\/v2\/product_cat?post=1256"},{"taxonomy":"product_tag","embeddable":true,"href":"https:\/\/gameduchieu.webcanhcam.vn\/vi\/wp-json\/wp\/v2\/product_tag?post=1256"}],"curies":[{"name":"wp","href":"https:\/\/api.w.org\/{rel}","templated":true}]}}