{"id":1251,"date":"2025-10-14T10:21:59","date_gmt":"2025-10-14T10:21:59","guid":{"rendered":"https:\/\/gameduchieu.webcanhcam.vn\/product\/season-10-season-of-infernal-chaos-softcore-gold\/"},"modified":"2025-12-28T08:08:48","modified_gmt":"2025-12-28T08:08:48","slug":"season-10-season-of-infernal-chaos-softcore-gold","status":"publish","type":"product","link":"https:\/\/gameduchieu.webcanhcam.vn\/vi\/product\/season-10-season-of-infernal-chaos-softcore-gold\/","title":{"rendered":"Season 10: Season of Infernal Chaos \u2013 Softcore \u2013 Gold"},"content":{"rendered":"<p>Gi\u1edbi h\u1ea1n v\u00e0ng t\u1ed1i \u0111a trong 1 t\u00e0i kho\u1ea3n (chia s\u1ebb cho t\u1ea5t c\u1ea3 nh\u00e2n v\u1eadt) l\u00e0 99,9 t\u1ef7, vui l\u00f2ng l\u01b0u \u00fd \u0111i\u1ec1u n\u00e0y v\u00e0 mua \u0111\u1ee7 \u0111\u1ec3 kh\u00f4ng v\u01b0\u1ee3t qu\u00e1 gi\u1edbi h\u1ea1n.<\/p>\n<p>Th\u1eddi gian giao h\u00e0ng: Trong v\u00f2ng 20 ph\u00fat<\/p>\n<p>Ph\u01b0\u01a1ng th\u1ee9c giao h\u00e0ng: Giao d\u1ecbch tr\u1ef1c ti\u1ebfp trong game<\/p>\n<p>L\u01b0u \u00fd: \u0110\u1ec3 \u0111\u1ea3m b\u1ea3o an to\u00e0n, vui l\u00f2ng \u0111\u1eb7t m\u1ed9t v\u1eadt ph\u1ea9m (b\u1ea5t k\u1ef3 v\u1eadt ph\u1ea9m n\u00e0o) v\u00e0o ph\u00eda giao d\u1ecbch c\u1ee7a b\u1ea1n.<\/p>\n","protected":false},"excerpt":{"rendered":"<p>Gi\u1edbi h\u1ea1n v\u00e0ng t\u1ed1i \u0111a trong 1 t\u00e0i kho\u1ea3n (chia s\u1ebb cho t\u1ea5t c\u1ea3 nh\u00e2n v\u1eadt) l\u00e0 99,9 t\u1ef7, vui l\u00f2ng l\u01b0u \u00fd \u0111i\u1ec1u n\u00e0y v\u00e0 mua \u0111\u1ee7 \u0111\u1ec3 kh\u00f4ng v\u01b0\u1ee3t qu\u00e1 gi\u1edbi h\u1ea1n. Th\u1eddi gian giao h\u00e0ng: Trong v\u00f2ng 20 ph\u00fat Ph\u01b0\u01a1ng th\u1ee9c giao h\u00e0ng: Giao d\u1ecbch tr\u1ef1c ti\u1ebfp trong game L\u01b0u \u00fd: \u0110\u1ec3 [&hellip;]<\/p>\n","protected":false},"featured_media":710,"comment_status":"open","ping_status":"closed","template":"","meta":{"_acf_changed":false,"rank_math_lock_modified_date":false},"product_brand":[],"product_cat":[307,322],"product_tag":[],"class_list":{"0":"post-1251","1":"product","2":"type-product","3":"status-publish","4":"has-post-thumbnail","6":"product_cat-diablo-4","7":"product_cat-tien-te-3","9":"first","10":"instock","11":"shipping-taxable","12":"purchasable","13":"product-type-simple"},"acf":[],"_links":{"self":[{"href":"https:\/\/gameduchieu.webcanhcam.vn\/vi\/wp-json\/wp\/v2\/product\/1251","targetHints":{"allow":["GET"]}}],"collection":[{"href":"https:\/\/gameduchieu.webcanhcam.vn\/vi\/wp-json\/wp\/v2\/product"}],"about":[{"href":"https:\/\/gameduchieu.webcanhcam.vn\/vi\/wp-json\/wp\/v2\/types\/product"}],"replies":[{"embeddable":true,"href":"https:\/\/gameduchieu.webcanhcam.vn\/vi\/wp-json\/wp\/v2\/comments?post=1251"}],"wp:featuredmedia":[{"embeddable":true,"href":"https:\/\/gameduchieu.webcanhcam.vn\/vi\/wp-json\/wp\/v2\/media\/710"}],"wp:attachment":[{"href":"https:\/\/gameduchieu.webcanhcam.vn\/vi\/wp-json\/wp\/v2\/media?parent=1251"}],"wp:term":[{"taxonomy":"product_brand","embeddable":true,"href":"https:\/\/gameduchieu.webcanhcam.vn\/vi\/wp-json\/wp\/v2\/product_brand?post=1251"},{"taxonomy":"product_cat","embeddable":true,"href":"https:\/\/gameduchieu.webcanhcam.vn\/vi\/wp-json\/wp\/v2\/product_cat?post=1251"},{"taxonomy":"product_tag","embeddable":true,"href":"https:\/\/gameduchieu.webcanhcam.vn\/vi\/wp-json\/wp\/v2\/product_tag?post=1251"}],"curies":[{"name":"wp","href":"https:\/\/api.w.org\/{rel}","templated":true}]}}