{"id":1247,"date":"2025-10-14T10:24:31","date_gmt":"2025-10-14T10:24:31","guid":{"rendered":"https:\/\/gameduchieu.webcanhcam.vn\/product\/season-10-season-of-infernal-chaos-softcore-betrayers-husk-1-unit-1-betrayers-husk\/"},"modified":"2025-12-28T08:05:32","modified_gmt":"2025-12-28T08:05:32","slug":"season-10-season-of-infernal-chaos-softcore-betrayers-husk-1-unit-1-betrayers-husk","status":"publish","type":"product","link":"https:\/\/gameduchieu.webcanhcam.vn\/vi\/product\/season-10-season-of-infernal-chaos-softcore-betrayers-husk-1-unit-1-betrayers-husk\/","title":{"rendered":"Season 10: Season of Infernal Chaos \u2013 Softcore &#8211; Betrayer&#8217;s Husk (1 Unit = 1 Betrayer&#8217;s Husk)"},"content":{"rendered":"<p>Th\u1eddi gian giao h\u00e0ng: Giao h\u00e0ng trong v\u00f2ng 20 ph\u00fat \u0111\u1ec3 thu\u1eadn ti\u1ec7n cho b\u1ea1n<br \/>\nPh\u01b0\u01a1ng th\u1ee9c giao h\u00e0ng: Giao d\u1ecbch tr\u1ef1c ti\u1ebfp trong game<br \/>\nL\u01b0u \u00fd an to\u00e0n: H\u00e3y \u0111\u1eb7t b\u1ea5t k\u1ef3 v\u1eadt ph\u1ea9m n\u00e0o b\u1ea1n mu\u1ed1n giao d\u1ecbch v\u00e0o \u0111\u1ec3 t\u0103ng th\u00eam \u0111\u1ed9 an to\u00e0n<\/p>\n","protected":false},"excerpt":{"rendered":"<p>Th\u1eddi gian giao h\u00e0ng: Giao h\u00e0ng trong v\u00f2ng 20 ph\u00fat \u0111\u1ec3 thu\u1eadn ti\u1ec7n cho b\u1ea1n Ph\u01b0\u01a1ng th\u1ee9c giao h\u00e0ng: Giao d\u1ecbch tr\u1ef1c ti\u1ebfp trong game L\u01b0u \u00fd an to\u00e0n: H\u00e3y \u0111\u1eb7t b\u1ea5t k\u1ef3 v\u1eadt ph\u1ea9m n\u00e0o b\u1ea1n mu\u1ed1n giao d\u1ecbch v\u00e0o \u0111\u1ec3 t\u0103ng th\u00eam \u0111\u1ed9 an to\u00e0n<\/p>\n","protected":false},"featured_media":713,"comment_status":"open","ping_status":"closed","template":"","meta":{"_acf_changed":false,"rank_math_lock_modified_date":false},"product_brand":[],"product_cat":[307,322],"product_tag":[],"class_list":{"0":"post-1247","1":"product","2":"type-product","3":"status-publish","4":"has-post-thumbnail","6":"product_cat-diablo-4","7":"product_cat-tien-te-3","9":"first","10":"instock","11":"shipping-taxable","12":"purchasable","13":"product-type-simple"},"acf":[],"_links":{"self":[{"href":"https:\/\/gameduchieu.webcanhcam.vn\/vi\/wp-json\/wp\/v2\/product\/1247","targetHints":{"allow":["GET"]}}],"collection":[{"href":"https:\/\/gameduchieu.webcanhcam.vn\/vi\/wp-json\/wp\/v2\/product"}],"about":[{"href":"https:\/\/gameduchieu.webcanhcam.vn\/vi\/wp-json\/wp\/v2\/types\/product"}],"replies":[{"embeddable":true,"href":"https:\/\/gameduchieu.webcanhcam.vn\/vi\/wp-json\/wp\/v2\/comments?post=1247"}],"wp:featuredmedia":[{"embeddable":true,"href":"https:\/\/gameduchieu.webcanhcam.vn\/vi\/wp-json\/wp\/v2\/media\/713"}],"wp:attachment":[{"href":"https:\/\/gameduchieu.webcanhcam.vn\/vi\/wp-json\/wp\/v2\/media?parent=1247"}],"wp:term":[{"taxonomy":"product_brand","embeddable":true,"href":"https:\/\/gameduchieu.webcanhcam.vn\/vi\/wp-json\/wp\/v2\/product_brand?post=1247"},{"taxonomy":"product_cat","embeddable":true,"href":"https:\/\/gameduchieu.webcanhcam.vn\/vi\/wp-json\/wp\/v2\/product_cat?post=1247"},{"taxonomy":"product_tag","embeddable":true,"href":"https:\/\/gameduchieu.webcanhcam.vn\/vi\/wp-json\/wp\/v2\/product_tag?post=1247"}],"curies":[{"name":"wp","href":"https:\/\/api.w.org\/{rel}","templated":true}]}}