{"id":1243,"date":"2025-10-14T09:32:22","date_gmt":"2025-10-14T09:32:22","guid":{"rendered":"https:\/\/gameduchieu.webcanhcam.vn\/product\/rise-of-the-abyssal-1-65-leveling-4-acts-3-interlude-acts-full-passives-spirit-elemental-res\/"},"modified":"2025-12-28T07:54:21","modified_gmt":"2025-12-28T07:54:21","slug":"rise-of-the-abyssal-1-65-leveling-4-acts-3-interlude-acts-full-passives-spirit-elemental-res","status":"publish","type":"product","link":"https:\/\/gameduchieu.webcanhcam.vn\/vi\/product\/rise-of-the-abyssal-1-65-leveling-4-acts-3-interlude-acts-full-passives-spirit-elemental-res\/","title":{"rendered":"Rise of the Abyssal | 1-65 Leveling + 4 Acts + 3 Interlude Acts | Full Passives + Spirit + Elemental Res"},"content":{"rendered":"<p>Xin ch\u00e0o m\u1ecdi ng\u01b0\u1eddi, ch\u00e0o m\u1eebng \u0111\u1ebfn v\u1edbi POE 2: Rise of the Abyssal League<br \/>\nCh\u00fang t\u00f4i cung c\u1ea5p d\u1ecbch v\u1ee5 boosting chuy\u00ean nghi\u1ec7p, nhanh ch\u00f3ng v\u00e0 an to\u00e0n.<br \/>\nH\u00e3y \u0111\u1ec3 ch\u00fang t\u00f4i x\u1eed l\u00fd ph\u1ea7n c\u00e0y cu\u1ed1c, c\u00f2n b\u1ea1n ch\u1ec9 vi\u1ec7c t\u1eadn h\u01b0\u1edfng ph\u1ea7n th\u01b0\u1edfng.<br \/>\nB\u1ea1n s\u1ebd nh\u1eadn \u0111\u01b0\u1ee3c: Full passives + Spirit + Kh\u00e1ng Nguy\u00ean T\u1ed1<br \/>\n\u0110\u1ed9i ng\u0169 h\u1ed7 tr\u1ee3 online c\u1ee7a ch\u00fang t\u00f4i lu\u00f4n s\u1eb5n s\u00e0ng 24\/7.<br \/>\n*\u0110\u1ed1i v\u1edbi c\u00e1c d\u1ecbch v\u1ee5 t\u00f9y ch\u1ec9nh, vui l\u00f2ng nh\u1eafn tin tr\u1ef1c ti\u1ebfp (DM) cho ch\u00fang t\u00f4i.<br \/>\n*C\u1ea3m \u01a1n b\u1ea1n \u0111\u00e3 l\u1ef1a ch\u1ecdn d\u1ecbch v\u1ee5, r\u1ea5t mong \u0111\u01b0\u1ee3c h\u1ee3p t\u00e1c c\u00f9ng b\u1ea1n!<\/p>\n","protected":false},"excerpt":{"rendered":"<p>Xin ch\u00e0o m\u1ecdi ng\u01b0\u1eddi, ch\u00e0o m\u1eebng \u0111\u1ebfn v\u1edbi POE 2: Rise of the Abyssal League Ch\u00fang t\u00f4i cung c\u1ea5p d\u1ecbch v\u1ee5 boosting chuy\u00ean nghi\u1ec7p, nhanh ch\u00f3ng v\u00e0 an to\u00e0n. H\u00e3y \u0111\u1ec3 ch\u00fang t\u00f4i x\u1eed l\u00fd ph\u1ea7n c\u00e0y cu\u1ed1c, c\u00f2n b\u1ea1n ch\u1ec9 vi\u1ec7c t\u1eadn h\u01b0\u1edfng ph\u1ea7n th\u01b0\u1edfng. B\u1ea1n s\u1ebd nh\u1eadn \u0111\u01b0\u1ee3c: Full passives + Spirit + [&hellip;]<\/p>\n","protected":false},"featured_media":687,"comment_status":"open","ping_status":"closed","template":"","meta":{"_acf_changed":false,"rank_math_lock_modified_date":false},"product_brand":[],"product_cat":[17,304],"product_tag":[351],"class_list":{"0":"post-1243","1":"product","2":"type-product","3":"status-publish","4":"has-post-thumbnail","6":"product_cat-path-of-exile-2","7":"product_cat-boosting-2","8":"product_tag-1-45-2","10":"first","11":"instock","12":"shipping-taxable","13":"purchasable","14":"product-type-simple"},"acf":[],"_links":{"self":[{"href":"https:\/\/gameduchieu.webcanhcam.vn\/vi\/wp-json\/wp\/v2\/product\/1243","targetHints":{"allow":["GET"]}}],"collection":[{"href":"https:\/\/gameduchieu.webcanhcam.vn\/vi\/wp-json\/wp\/v2\/product"}],"about":[{"href":"https:\/\/gameduchieu.webcanhcam.vn\/vi\/wp-json\/wp\/v2\/types\/product"}],"replies":[{"embeddable":true,"href":"https:\/\/gameduchieu.webcanhcam.vn\/vi\/wp-json\/wp\/v2\/comments?post=1243"}],"wp:featuredmedia":[{"embeddable":true,"href":"https:\/\/gameduchieu.webcanhcam.vn\/vi\/wp-json\/wp\/v2\/media\/687"}],"wp:attachment":[{"href":"https:\/\/gameduchieu.webcanhcam.vn\/vi\/wp-json\/wp\/v2\/media?parent=1243"}],"wp:term":[{"taxonomy":"product_brand","embeddable":true,"href":"https:\/\/gameduchieu.webcanhcam.vn\/vi\/wp-json\/wp\/v2\/product_brand?post=1243"},{"taxonomy":"product_cat","embeddable":true,"href":"https:\/\/gameduchieu.webcanhcam.vn\/vi\/wp-json\/wp\/v2\/product_cat?post=1243"},{"taxonomy":"product_tag","embeddable":true,"href":"https:\/\/gameduchieu.webcanhcam.vn\/vi\/wp-json\/wp\/v2\/product_tag?post=1243"}],"curies":[{"name":"wp","href":"https:\/\/api.w.org\/{rel}","templated":true}]}}