{"id":1235,"date":"2025-10-14T09:13:31","date_gmt":"2025-10-14T09:13:31","guid":{"rendered":"https:\/\/gameduchieu.webcanhcam.vn\/product\/steam-path-of-exile-2-early-access-supporter-pack-0h-played-can-change-data-copy\/"},"modified":"2025-12-28T07:46:16","modified_gmt":"2025-12-28T07:46:16","slug":"steam-path-of-exile-2-early-access-supporter-pack-0h-played-can-change-data-copy","status":"publish","type":"product","link":"https:\/\/gameduchieu.webcanhcam.vn\/vi\/product\/steam-path-of-exile-2-early-access-supporter-pack-0h-played-can-change-data-copy\/","title":{"rendered":"[GGG] Path of Exile 2 Early Access Supporter pack | Original Mail | 0H Played | Can Change Data"},"content":{"rendered":"<p>Th\u1eddi gian giao h\u00e0ng: Giao h\u00e0ng trong v\u00f2ng 20 ph\u00fat \u0111\u1ec3 thu\u1eadn ti\u1ec7n cho b\u1ea1n<br \/>\nPh\u01b0\u01a1ng th\u1ee9c giao h\u00e0ng: Giao d\u1ecbch tr\u1ef1c ti\u1ebfp trong game<br \/>\nL\u01b0u \u00fd an to\u00e0n: H\u00e3y \u0111\u1eb7t b\u1ea5t k\u1ef3 v\u1eadt ph\u1ea9m n\u00e0o b\u1ea1n mu\u1ed1n giao d\u1ecbch v\u00e0o \u0111\u1ec3 t\u0103ng th\u00eam \u0111\u1ed9 an to\u00e0n<\/p>\n","protected":false},"excerpt":{"rendered":"<p>Th\u1eddi gian giao h\u00e0ng: Giao h\u00e0ng trong v\u00f2ng 20 ph\u00fat \u0111\u1ec3 thu\u1eadn ti\u1ec7n cho b\u1ea1n Ph\u01b0\u01a1ng th\u1ee9c giao h\u00e0ng: Giao d\u1ecbch tr\u1ef1c ti\u1ebfp trong game L\u01b0u \u00fd an to\u00e0n: H\u00e3y \u0111\u1eb7t b\u1ea5t k\u1ef3 v\u1eadt ph\u1ea9m n\u00e0o b\u1ea1n mu\u1ed1n giao d\u1ecbch v\u00e0o \u0111\u1ec3 t\u0103ng th\u00eam \u0111\u1ed9 an to\u00e0n<\/p>\n","protected":false},"featured_media":674,"comment_status":"open","ping_status":"closed","template":"","meta":{"_acf_changed":false,"rank_math_lock_modified_date":false},"product_brand":[],"product_cat":[17,303],"product_tag":[345,346],"class_list":{"0":"post-1235","1":"product","2":"type-product","3":"status-publish","4":"has-post-thumbnail","6":"product_cat-path-of-exile-2","7":"product_cat-tai-khoan-2","8":"product_tag-ggg","9":"product_tag-steam","11":"first","12":"instock","13":"shipping-taxable","14":"purchasable","15":"product-type-simple"},"acf":[],"_links":{"self":[{"href":"https:\/\/gameduchieu.webcanhcam.vn\/vi\/wp-json\/wp\/v2\/product\/1235","targetHints":{"allow":["GET"]}}],"collection":[{"href":"https:\/\/gameduchieu.webcanhcam.vn\/vi\/wp-json\/wp\/v2\/product"}],"about":[{"href":"https:\/\/gameduchieu.webcanhcam.vn\/vi\/wp-json\/wp\/v2\/types\/product"}],"replies":[{"embeddable":true,"href":"https:\/\/gameduchieu.webcanhcam.vn\/vi\/wp-json\/wp\/v2\/comments?post=1235"}],"wp:featuredmedia":[{"embeddable":true,"href":"https:\/\/gameduchieu.webcanhcam.vn\/vi\/wp-json\/wp\/v2\/media\/674"}],"wp:attachment":[{"href":"https:\/\/gameduchieu.webcanhcam.vn\/vi\/wp-json\/wp\/v2\/media?parent=1235"}],"wp:term":[{"taxonomy":"product_brand","embeddable":true,"href":"https:\/\/gameduchieu.webcanhcam.vn\/vi\/wp-json\/wp\/v2\/product_brand?post=1235"},{"taxonomy":"product_cat","embeddable":true,"href":"https:\/\/gameduchieu.webcanhcam.vn\/vi\/wp-json\/wp\/v2\/product_cat?post=1235"},{"taxonomy":"product_tag","embeddable":true,"href":"https:\/\/gameduchieu.webcanhcam.vn\/vi\/wp-json\/wp\/v2\/product_tag?post=1235"}],"curies":[{"name":"wp","href":"https:\/\/api.w.org\/{rel}","templated":true}]}}