{"id":1208,"date":"2025-10-14T10:05:25","date_gmt":"2025-10-14T10:05:25","guid":{"rendered":"https:\/\/gameduchieu.webcanhcam.vn\/product\/bundle-pack-1-mirror-of-kalandra-100-divine-orbs-rise-of-the-abyssal-standard\/"},"modified":"2025-12-28T07:12:15","modified_gmt":"2025-12-28T07:12:15","slug":"bundle-pack-1-mirror-of-kalandra-100-divine-orbs-rise-of-the-abyssal-standard","status":"publish","type":"product","link":"https:\/\/gameduchieu.webcanhcam.vn\/vi\/product\/bundle-pack-1-mirror-of-kalandra-100-divine-orbs-rise-of-the-abyssal-standard\/","title":{"rendered":"Bundle Pack &#8211; 1 Mirror of Kalandra + 100 Divine Orbs &#8211; Rise of the Abyssal Standard"},"content":{"rendered":"<p>M\u00ecnh s\u1ebd g\u1eedi l\u1eddi m\u1eddi tham gia nh\u00f3m trong game, vui l\u00f2ng cho m\u00ecnh bi\u1ebft t\u00ean nh\u00e2n v\u1eadt trong game (IGN).<\/p>\n<p>Vui l\u00f2ng chu\u1ea9n b\u1ecb m\u1ed9t s\u1ed1 v\u1eadt ph\u1ea9m hi\u1ebfm \u0111\u1ec3 \u0111\u1ed5i l\u1ea1i.<\/p>\n<p>N\u1ebfu m\u00ecnh kh\u00f4ng giao h\u00e0ng v\u00e0 kh\u00f4ng tr\u1ea3 l\u1eddi b\u1ea1n, vui l\u00f2ng y\u00eau c\u1ea7u h\u1ee7y \u0111\u01a1n h\u00e0ng \u0111\u1ec3 th\u00f4ng b\u00e1o cho m\u00ecnh, v\u00e0 m\u00ecnh s\u1ebd giao h\u00e0ng cho b\u1ea1n s\u1edbm nh\u1ea5t c\u00f3 th\u1ec3.<\/p>\n","protected":false},"excerpt":{"rendered":"<p>M\u00ecnh s\u1ebd g\u1eedi l\u1eddi m\u1eddi tham gia nh\u00f3m trong game, vui l\u00f2ng cho m\u00ecnh bi\u1ebft t\u00ean nh\u00e2n v\u1eadt trong game (IGN). Vui l\u00f2ng chu\u1ea9n b\u1ecb m\u1ed9t s\u1ed1 v\u1eadt ph\u1ea9m hi\u1ebfm \u0111\u1ec3 \u0111\u1ed5i l\u1ea1i. N\u1ebfu m\u00ecnh kh\u00f4ng giao h\u00e0ng v\u00e0 kh\u00f4ng tr\u1ea3 l\u1eddi b\u1ea1n, vui l\u00f2ng y\u00eau c\u1ea7u h\u1ee7y \u0111\u01a1n h\u00e0ng \u0111\u1ec3 th\u00f4ng b\u00e1o cho m\u00ecnh, [&hellip;]<\/p>\n","protected":false},"featured_media":703,"comment_status":"open","ping_status":"closed","template":"","meta":{"_acf_changed":false,"rank_math_lock_modified_date":false},"product_brand":[],"product_cat":[17,305],"product_tag":[335,336,337,338,242],"class_list":{"0":"post-1208","1":"product","2":"type-product","3":"status-publish","4":"has-post-thumbnail","6":"product_cat-path-of-exile-2","7":"product_cat-tien-te-2","8":"product_tag-exalted","9":"product_tag-rise-of-the-abyssal-hardcore","10":"product_tag-rise-of-the-abyssal-standard","11":"product_tag-smoother","12":"product_tag-devine","14":"first","15":"instock","16":"shipping-taxable","17":"purchasable","18":"product-type-simple"},"acf":[],"_links":{"self":[{"href":"https:\/\/gameduchieu.webcanhcam.vn\/vi\/wp-json\/wp\/v2\/product\/1208","targetHints":{"allow":["GET"]}}],"collection":[{"href":"https:\/\/gameduchieu.webcanhcam.vn\/vi\/wp-json\/wp\/v2\/product"}],"about":[{"href":"https:\/\/gameduchieu.webcanhcam.vn\/vi\/wp-json\/wp\/v2\/types\/product"}],"replies":[{"embeddable":true,"href":"https:\/\/gameduchieu.webcanhcam.vn\/vi\/wp-json\/wp\/v2\/comments?post=1208"}],"wp:featuredmedia":[{"embeddable":true,"href":"https:\/\/gameduchieu.webcanhcam.vn\/vi\/wp-json\/wp\/v2\/media\/703"}],"wp:attachment":[{"href":"https:\/\/gameduchieu.webcanhcam.vn\/vi\/wp-json\/wp\/v2\/media?parent=1208"}],"wp:term":[{"taxonomy":"product_brand","embeddable":true,"href":"https:\/\/gameduchieu.webcanhcam.vn\/vi\/wp-json\/wp\/v2\/product_brand?post=1208"},{"taxonomy":"product_cat","embeddable":true,"href":"https:\/\/gameduchieu.webcanhcam.vn\/vi\/wp-json\/wp\/v2\/product_cat?post=1208"},{"taxonomy":"product_tag","embeddable":true,"href":"https:\/\/gameduchieu.webcanhcam.vn\/vi\/wp-json\/wp\/v2\/product_tag?post=1208"}],"curies":[{"name":"wp","href":"https:\/\/api.w.org\/{rel}","templated":true}]}}