{"id":1170,"date":"2025-10-14T04:15:08","date_gmt":"2025-10-14T04:15:08","guid":{"rendered":"https:\/\/gameduchieu.webcanhcam.vn\/product\/3-26-mercenaries-of-trarthus-5-way-5-runs-aura-88-res-need-3k-life-70-chaos-res\/"},"modified":"2025-12-28T05:12:23","modified_gmt":"2025-12-28T05:12:23","slug":"3-26-mercenaries-of-trarthus-5-way-5-runs-aura-88-res-need-3k-life-70-chaos-res","status":"publish","type":"product","link":"https:\/\/gameduchieu.webcanhcam.vn\/vi\/product\/3-26-mercenaries-of-trarthus-5-way-5-runs-aura-88-res-need-3k-life-70-chaos-res\/","title":{"rendered":"3.26 Mercenaries of Trarthus &#8211; 5 Way | 5 runs | Aura 88% res | Need 3k life + 70% chaos res"},"content":{"rendered":"<p>\u0110\u1ed9i ng\u0169 h\u1ed7 tr\u1ee3 tr\u1ef1c tuy\u1ebfn c\u1ee7a ch\u00fang t\u00f4i lu\u00f4n s\u1eb5n s\u00e0ng h\u1ed7 tr\u1ee3 b\u1ea1n t\u1ea1i Secrets of the Atlas.<\/p>\n<p>*\u0110\u1ed1i v\u1edbi b\u1ea5t k\u1ef3 d\u1ecbch v\u1ee5 t\u00f9y ch\u1ec9nh n\u00e0o, vui l\u00f2ng nh\u1eafn tin tr\u1ef1c ti\u1ebfp cho ch\u00fang t\u00f4i.<\/p>\n<p>*C\u1ea3m \u01a1n b\u1ea1n \u0111\u00e3 l\u1ef1a ch\u1ecdn ch\u00fang t\u00f4i, hy v\u1ecdng \u0111\u01b0\u1ee3c h\u1ee3p t\u00e1c v\u1edbi b\u1ea1n!<\/p>\n","protected":false},"excerpt":{"rendered":"<p>\u0110\u1ed9i ng\u0169 h\u1ed7 tr\u1ee3 tr\u1ef1c tuy\u1ebfn c\u1ee7a ch\u00fang t\u00f4i lu\u00f4n s\u1eb5n s\u00e0ng h\u1ed7 tr\u1ee3 b\u1ea1n t\u1ea1i Secrets of the Atlas. *\u0110\u1ed1i v\u1edbi b\u1ea5t k\u1ef3 d\u1ecbch v\u1ee5 t\u00f9y ch\u1ec9nh n\u00e0o, vui l\u00f2ng nh\u1eafn tin tr\u1ef1c ti\u1ebfp cho ch\u00fang t\u00f4i. *C\u1ea3m \u01a1n b\u1ea1n \u0111\u00e3 l\u1ef1a ch\u1ecdn ch\u00fang t\u00f4i, hy v\u1ecdng \u0111\u01b0\u1ee3c h\u1ee3p t\u00e1c v\u1edbi b\u1ea1n!<\/p>\n","protected":false},"featured_media":602,"comment_status":"open","ping_status":"closed","template":"","meta":{"_acf_changed":false,"rank_math_lock_modified_date":false},"product_brand":[],"product_cat":[284,286,283],"product_tag":[269,270,271],"class_list":{"0":"post-1170","1":"product","2":"type-product","3":"status-publish","4":"has-post-thumbnail","6":"product_cat-boosting","7":"product_cat-5-way-1","8":"product_cat-path-of-exile","9":"product_tag-5-way-leveling","10":"product_tag-builds","11":"product_tag-leveling","13":"first","14":"instock","15":"shipping-taxable","16":"purchasable","17":"product-type-simple"},"acf":[],"_links":{"self":[{"href":"https:\/\/gameduchieu.webcanhcam.vn\/vi\/wp-json\/wp\/v2\/product\/1170","targetHints":{"allow":["GET"]}}],"collection":[{"href":"https:\/\/gameduchieu.webcanhcam.vn\/vi\/wp-json\/wp\/v2\/product"}],"about":[{"href":"https:\/\/gameduchieu.webcanhcam.vn\/vi\/wp-json\/wp\/v2\/types\/product"}],"replies":[{"embeddable":true,"href":"https:\/\/gameduchieu.webcanhcam.vn\/vi\/wp-json\/wp\/v2\/comments?post=1170"}],"wp:featuredmedia":[{"embeddable":true,"href":"https:\/\/gameduchieu.webcanhcam.vn\/vi\/wp-json\/wp\/v2\/media\/602"}],"wp:attachment":[{"href":"https:\/\/gameduchieu.webcanhcam.vn\/vi\/wp-json\/wp\/v2\/media?parent=1170"}],"wp:term":[{"taxonomy":"product_brand","embeddable":true,"href":"https:\/\/gameduchieu.webcanhcam.vn\/vi\/wp-json\/wp\/v2\/product_brand?post=1170"},{"taxonomy":"product_cat","embeddable":true,"href":"https:\/\/gameduchieu.webcanhcam.vn\/vi\/wp-json\/wp\/v2\/product_cat?post=1170"},{"taxonomy":"product_tag","embeddable":true,"href":"https:\/\/gameduchieu.webcanhcam.vn\/vi\/wp-json\/wp\/v2\/product_tag?post=1170"}],"curies":[{"name":"wp","href":"https:\/\/api.w.org\/{rel}","templated":true}]}}